{"id":2223,"date":"2024-01-01T18:24:27","date_gmt":"2024-01-01T15:24:27","guid":{"rendered":"https:\/\/gurkangultekin.com.tr\/?page_id=2223"},"modified":"2024-01-01T18:26:40","modified_gmt":"2024-01-01T15:26:40","slug":"biyografi","status":"publish","type":"page","link":"https:\/\/gurkangultekin.com.tr\/index.php\/biyografi\/","title":{"rendered":"Biyografi"},"content":{"rendered":"<div class='flex_column av-av_two_third-a961ec8c42a44a397321d1a2224da3ca av_two_third  avia-builder-el-0  el_before_av_one_third  avia-builder-el-first  first flex_column_div '     ><p>\n<style type=\"text\/css\" data-created_by=\"avia_inline_auto\" id=\"style-css-av-lqv2p1ra-38acbb9f123801f458cf641beb3897c0\">\n#top .av-special-heading.av-lqv2p1ra-38acbb9f123801f458cf641beb3897c0{\npadding-bottom:10px;\n}\nbody .av-special-heading.av-lqv2p1ra-38acbb9f123801f458cf641beb3897c0 .av-special-heading-tag .heading-char{\nfont-size:25px;\n}\n.av-special-heading.av-lqv2p1ra-38acbb9f123801f458cf641beb3897c0 .av-subheading{\nfont-size:15px;\n}\n<\/style>\n<div  class='av-special-heading av-lqv2p1ra-38acbb9f123801f458cf641beb3897c0 av-special-heading-h3  avia-builder-el-1  el_before_av_textblock  avia-builder-el-first '><h3 class='av-special-heading-tag'  itemprop=\"headline\"  >Bir Yan\u0131m Deli, Bir Yan\u0131m Ak\u0131ll\u0131&#8230;<\/h3><div class=\"special-heading-border\"><div class=\"special-heading-inner-border\"><\/div><\/div><\/div><br \/>\n<section  class='av_textblock_section av-lqv2ljid-0d9979f793f718cee6e51d7df2102b2a'  itemscope=\"itemscope\" itemtype=\"https:\/\/schema.org\/CreativeWork\" ><div class='avia_textblock'  itemprop=\"text\" ><p>1976 y\u0131l\u0131nda Almanya&#8217;da do\u011fdu\u011fum g\u00fcnden itibaren, hayat\u0131m\u0131n renkli bir mozaik oldu\u011funu s\u00f6yleyebilirim. \u0130lk ad\u0131mlar\u0131m\u0131 att\u0131\u011f\u0131m Alman topraklar\u0131nda do\u011fup b\u00fcy\u00fcd\u00fcm, ancak k\u00f6kenlerimi unutmadan, bir\u00e7ok k\u00fclt\u00fcr\u00fc bir arada deneyimleme \u015fans\u0131 buldum.<\/p>\n<p>E\u011fitim hayat\u0131ma T\u00fcrkiye&#8217;de ba\u015flad\u0131m ve ilk, orta ve lise \u00f6\u011frenimimi tamamlad\u0131m. Sonras\u0131nda, \u00fcniversite e\u011fitimimi hem Almanya&#8217;da hem de T\u00fcrkiye&#8217;de tamamlamak \u00fczere bir karar ald\u0131m. Bu d\u00f6nem, farkl\u0131 e\u011fitim sistemlerini deneyimleyerek zenginle\u015fti\u011fim, k\u00fclt\u00fcrleraras\u0131 bir \u00f6\u011frenim ser\u00fcvenine d\u00f6n\u00fc\u015ft\u00fc.<\/p>\n<p>Hayat\u0131m\u0131n bir d\u00f6nemecinde, yang\u0131n bilimi alan\u0131nda y\u00fcksek lisans yapma karar\u0131 ald\u0131m. Bu karar, sadece bir meslek se\u00e7imi de\u011fil, ayn\u0131 zamanda bir tutkuyla ba\u011fl\u0131 oldu\u011fum bir alanda derinlemesine bilgi edinme arzusunu yans\u0131t\u0131yordu. Yang\u0131n bilimi, karma\u015f\u0131kl\u0131\u011f\u0131 ve sorumlulu\u011fuyla beni cezbetmi\u015f, kariyerimde uzmanl\u0131k alan\u0131m olmu\u015ftur.<\/p>\n<p>Uluslararas\u0131 pazarlama ve sat\u0131\u015f uzman\u0131 olarak, farkl\u0131 k\u00fclt\u00fcrleri anlama yetene\u011fimi, dil becerilerimi ve disiplinli e\u011fitim ge\u00e7mi\u015fimi birle\u015ftiriyorum. Her bir ad\u0131m\u0131m, beni bir ad\u0131m daha yakla\u015ft\u0131rd\u0131\u011f\u0131m hedefime, k\u00fcresel arenada ba\u015far\u0131ya ula\u015fmama do\u011fru bir yolculuk niteli\u011findedir. Ya\u015fam\u0131m\u0131n bu renkli hikayesinde, her ge\u00e7en g\u00fcn \u00f6\u011frenmek ve b\u00fcy\u00fcmek i\u00e7in yeni bir f\u0131rsat buluyorum.<\/p>\n<p>Uluslararas\u0131 m\u00fc\u015fterilerle etkili ileti\u015fim kurma becerisi, kariyerimdeki \u00f6nemli bir k\u00f6\u015fe ta\u015f\u0131d\u0131r. Farkl\u0131 k\u00fclt\u00fcrlerden gelen insanlarla sa\u011flam bir ba\u011f kurma yetene\u011fim, i\u015f d\u00fcnyas\u0131ndaki ili\u015fkilerimi g\u00fc\u00e7lendirmeme ve k\u00fcresel m\u00fc\u015fteri portf\u00f6y\u00fcm\u00fc geni\u015fletmeme olanak tan\u0131yor. Her m\u00fc\u015fteriyle \u00f6zel bir ili\u015fki kurarak, ihtiya\u00e7lar\u0131na odaklanmak ve \u00e7\u00f6z\u00fcmler sunmak benim i\u00e7in sadece bir i\u015f de\u011fil, ayn\u0131 zamanda bir tutkudur.<\/p>\n<p>Digital pazarlama alan\u0131ndaki yeteneklerim ise, i\u015f d\u00fcnyas\u0131ndaki h\u0131zl\u0131 de\u011fi\u015fime ayak uydurabilmemi sa\u011fl\u0131yor. Online platformlarda etkili bir varl\u0131k olu\u015fturmak, markan\u0131n uluslararas\u0131 d\u00fczeyde tan\u0131t\u0131m\u0131n\u0131 yapmak ve hedef kitleyle etkile\u015fimde bulunmak, i\u015f stratejilerimin merkezinde yer al\u0131yor. Sosyal medya, dijital reklamc\u0131l\u0131k ve i\u00e7erik pazarlamas\u0131 gibi alanlardaki uzmanl\u0131\u011f\u0131m, markalar\u0131n dijital d\u00fcnyada g\u00fc\u00e7l\u00fc bir varl\u0131k olu\u015fturmalar\u0131na yard\u0131mc\u0131 oluyor.<\/p>\n<p>Sat\u0131\u015f konusundaki yeteneklerim, sadece \u00fcr\u00fcn veya hizmetin de\u011fil, m\u00fc\u015fterinin ihtiya\u00e7lar\u0131na odaklanarak ger\u00e7ekle\u015fir. M\u00fc\u015fteri memnuniyetini \u00f6n planda tutan bir yakla\u015f\u0131m benim i\u00e7in kilit \u00f6neme sahiptir. \u0130novatif \u00e7\u00f6z\u00fcmler sunmak, m\u00fc\u015fteriye \u00f6zel stratejiler geli\u015ftirmek ve de\u011fer yaratmak, sat\u0131\u015f s\u00fcre\u00e7lerimdeki temel prensiplerdir.<\/p>\n<p>Bu uzmanl\u0131k alanlar\u0131n\u0131 birle\u015ftirerek, uluslararas\u0131 pazarlama ve sat\u0131\u015f d\u00fcnyas\u0131nda markalar\u0131 daha etkili bir \u015fekilde temsil etmeyi hedefliyorum. Her ge\u00e7en g\u00fcn, Ki \u00f6\u011frenmenin ya\u015f\u0131 ve zaman\u0131 yoktur,\u00a0 i\u015f d\u00fcnyas\u0131ndaki dinamik de\u011fi\u015fimlere ayak uydurmak ve m\u00fc\u015fterilerime de\u011fer katmak i\u00e7in kendimi geli\u015ftirmeye devam ediyorum.<\/p>\n<\/div><\/section><\/p><\/div><div class='flex_column av-av_one_third-e38f08a368d22f46ed35f78008f927bf av_one_third  avia-builder-el-3  el_after_av_two_third  avia-builder-el-last  flex_column_div '     ><style type=\"text\/css\" data-created_by=\"avia_inline_auto\" id=\"style-css-av-lqv2mu01-07356eaea85c089b98f05a12e9f0dda1\">\n.avia-image-container.av-lqv2mu01-07356eaea85c089b98f05a12e9f0dda1 img.avia_image{\nbox-shadow:none;\n}\n.avia-image-container.av-lqv2mu01-07356eaea85c089b98f05a12e9f0dda1 .av-image-caption-overlay-center{\ncolor:#ffffff;\n}\n<\/style>\n<div  class='avia-image-container av-lqv2mu01-07356eaea85c089b98f05a12e9f0dda1 av-styling- avia-align-center  avia-builder-el-4  avia-builder-el-no-sibling '   itemprop=\"image\" itemscope=\"itemscope\" itemtype=\"https:\/\/schema.org\/ImageObject\" ><div class=\"avia-image-container-inner\"><div class=\"avia-image-overlay-wrap\"><img fetchpriority=\"high\" decoding=\"async\" fetchpriority=\"high\" class='wp-image-2224 avia-img-lazy-loading-not-2224 avia_image ' src=\"https:\/\/gurkangultekin.com.tr\/wp-content\/uploads\/2024\/01\/Grkn_10642-scaled.jpg\" alt='' title='Grkn_10642'  height=\"2560\" width=\"1707\"  itemprop=\"thumbnailUrl\" srcset=\"https:\/\/gurkangultekin.com.tr\/wp-content\/uploads\/2024\/01\/Grkn_10642-scaled.jpg 1707w, https:\/\/gurkangultekin.com.tr\/wp-content\/uploads\/2024\/01\/Grkn_10642-200x300.jpg 200w, https:\/\/gurkangultekin.com.tr\/wp-content\/uploads\/2024\/01\/Grkn_10642-687x1030.jpg 687w, https:\/\/gurkangultekin.com.tr\/wp-content\/uploads\/2024\/01\/Grkn_10642-768x1152.jpg 768w, https:\/\/gurkangultekin.com.tr\/wp-content\/uploads\/2024\/01\/Grkn_10642-1024x1536.jpg 1024w, https:\/\/gurkangultekin.com.tr\/wp-content\/uploads\/2024\/01\/Grkn_10642-1365x2048.jpg 1365w, https:\/\/gurkangultekin.com.tr\/wp-content\/uploads\/2024\/01\/Grkn_10642-1000x1500.jpg 1000w, https:\/\/gurkangultekin.com.tr\/wp-content\/uploads\/2024\/01\/Grkn_10642-470x705.jpg 470w\" sizes=\"(max-width: 1707px) 100vw, 1707px\" \/><\/div><\/div><\/div><\/div><\/p>\n","protected":false},"excerpt":{"rendered":"","protected":false},"author":1,"featured_media":0,"parent":0,"menu_order":0,"comment_status":"closed","ping_status":"closed","template":"","meta":{"footnotes":""},"class_list":["post-2223","page","type-page","status-publish","hentry"],"yoast_head":"<!-- This site is optimized with the Yoast SEO plugin v20.10 - https:\/\/yoast.com\/wordpress\/plugins\/seo\/ -->\n<title>Biyografi | GURKAN GULTEKIN<\/title>\n<meta name=\"robots\" content=\"index, follow, max-snippet:-1, max-image-preview:large, max-video-preview:-1\" \/>\n<link rel=\"canonical\" href=\"https:\/\/gurkangultekin.com.tr\/index.php\/biyografi\/\" \/>\n<meta property=\"og:locale\" content=\"tr_TR\" \/>\n<meta property=\"og:type\" content=\"article\" \/>\n<meta property=\"og:title\" content=\"Biyografi | GURKAN GULTEKIN\" \/>\n<meta property=\"og:url\" content=\"https:\/\/gurkangultekin.com.tr\/index.php\/biyografi\/\" \/>\n<meta property=\"og:site_name\" content=\"GURKAN GULTEKIN\" \/>\n<meta property=\"article:modified_time\" content=\"2024-01-01T15:26:40+00:00\" \/>\n<meta property=\"og:image\" content=\"https:\/\/gurkangultekin.com.tr\/wp-content\/uploads\/2022\/07\/slide1-2.jpg\" \/>\n\t<meta property=\"og:image:width\" content=\"2240\" \/>\n\t<meta property=\"og:image:height\" content=\"1020\" \/>\n\t<meta property=\"og:image:type\" content=\"image\/jpeg\" \/>\n<meta name=\"twitter:card\" content=\"summary_large_image\" \/>\n<meta name=\"twitter:label1\" content=\"Tahmini okuma s\u00fcresi\" \/>\n\t<meta name=\"twitter:data1\" content=\"4 dakika\" \/>\n<script type=\"application\/ld+json\" class=\"yoast-schema-graph\">{\"@context\":\"https:\/\/schema.org\",\"@graph\":[{\"@type\":\"WebPage\",\"@id\":\"https:\/\/gurkangultekin.com.tr\/index.php\/biyografi\/\",\"url\":\"https:\/\/gurkangultekin.com.tr\/index.php\/biyografi\/\",\"name\":\"Biyografi | GURKAN GULTEKIN\",\"isPartOf\":{\"@id\":\"https:\/\/gurkangultekin.com.tr\/#website\"},\"datePublished\":\"2024-01-01T15:24:27+00:00\",\"dateModified\":\"2024-01-01T15:26:40+00:00\",\"breadcrumb\":{\"@id\":\"https:\/\/gurkangultekin.com.tr\/index.php\/biyografi\/#breadcrumb\"},\"inLanguage\":\"tr\",\"potentialAction\":[{\"@type\":\"ReadAction\",\"target\":[\"https:\/\/gurkangultekin.com.tr\/index.php\/biyografi\/\"]}]},{\"@type\":\"BreadcrumbList\",\"@id\":\"https:\/\/gurkangultekin.com.tr\/index.php\/biyografi\/#breadcrumb\",\"itemListElement\":[{\"@type\":\"ListItem\",\"position\":1,\"name\":\"Anasayfa\",\"item\":\"https:\/\/gurkangultekin.com.tr\/index.php\/frontpage\/\"},{\"@type\":\"ListItem\",\"position\":2,\"name\":\"Biyografi\"}]},{\"@type\":\"WebSite\",\"@id\":\"https:\/\/gurkangultekin.com.tr\/#website\",\"url\":\"https:\/\/gurkangultekin.com.tr\/\",\"name\":\"GURKAN GULTEKIN\",\"description\":\"Pazarlama | Sat\u0131\u015f | Uluslararas\u0131 Pazarlama | Digital Pazarlama\",\"publisher\":{\"@id\":\"https:\/\/gurkangultekin.com.tr\/#organization\"},\"potentialAction\":[{\"@type\":\"SearchAction\",\"target\":{\"@type\":\"EntryPoint\",\"urlTemplate\":\"https:\/\/gurkangultekin.com.tr\/?s={search_term_string}\"},\"query-input\":\"required name=search_term_string\"}],\"inLanguage\":\"tr\"},{\"@type\":\"Organization\",\"@id\":\"https:\/\/gurkangultekin.com.tr\/#organization\",\"name\":\"GURKAN GULTEKIN\",\"url\":\"https:\/\/gurkangultekin.com.tr\/\",\"logo\":{\"@type\":\"ImageObject\",\"inLanguage\":\"tr\",\"@id\":\"https:\/\/gurkangultekin.com.tr\/#\/schema\/logo\/image\/\",\"url\":\"https:\/\/gurkangultekin.com.tr\/wp-content\/uploads\/2022\/07\/Gurkan-red-Logo2.png\",\"contentUrl\":\"https:\/\/gurkangultekin.com.tr\/wp-content\/uploads\/2022\/07\/Gurkan-red-Logo2.png\",\"width\":100,\"height\":100,\"caption\":\"GURKAN GULTEKIN\"},\"image\":{\"@id\":\"https:\/\/gurkangultekin.com.tr\/#\/schema\/logo\/image\/\"}}]}<\/script>\n<!-- \/ Yoast SEO plugin. -->","yoast_head_json":{"title":"Biyografi | GURKAN GULTEKIN","robots":{"index":"index","follow":"follow","max-snippet":"max-snippet:-1","max-image-preview":"max-image-preview:large","max-video-preview":"max-video-preview:-1"},"canonical":"https:\/\/gurkangultekin.com.tr\/index.php\/biyografi\/","og_locale":"tr_TR","og_type":"article","og_title":"Biyografi | GURKAN GULTEKIN","og_url":"https:\/\/gurkangultekin.com.tr\/index.php\/biyografi\/","og_site_name":"GURKAN GULTEKIN","article_modified_time":"2024-01-01T15:26:40+00:00","og_image":[{"width":2240,"height":1020,"url":"https:\/\/gurkangultekin.com.tr\/wp-content\/uploads\/2022\/07\/slide1-2.jpg","type":"image\/jpeg"}],"twitter_card":"summary_large_image","twitter_misc":{"Tahmini okuma s\u00fcresi":"4 dakika"},"schema":{"@context":"https:\/\/schema.org","@graph":[{"@type":"WebPage","@id":"https:\/\/gurkangultekin.com.tr\/index.php\/biyografi\/","url":"https:\/\/gurkangultekin.com.tr\/index.php\/biyografi\/","name":"Biyografi | GURKAN GULTEKIN","isPartOf":{"@id":"https:\/\/gurkangultekin.com.tr\/#website"},"datePublished":"2024-01-01T15:24:27+00:00","dateModified":"2024-01-01T15:26:40+00:00","breadcrumb":{"@id":"https:\/\/gurkangultekin.com.tr\/index.php\/biyografi\/#breadcrumb"},"inLanguage":"tr","potentialAction":[{"@type":"ReadAction","target":["https:\/\/gurkangultekin.com.tr\/index.php\/biyografi\/"]}]},{"@type":"BreadcrumbList","@id":"https:\/\/gurkangultekin.com.tr\/index.php\/biyografi\/#breadcrumb","itemListElement":[{"@type":"ListItem","position":1,"name":"Anasayfa","item":"https:\/\/gurkangultekin.com.tr\/index.php\/frontpage\/"},{"@type":"ListItem","position":2,"name":"Biyografi"}]},{"@type":"WebSite","@id":"https:\/\/gurkangultekin.com.tr\/#website","url":"https:\/\/gurkangultekin.com.tr\/","name":"GURKAN GULTEKIN","description":"Pazarlama | Sat\u0131\u015f | Uluslararas\u0131 Pazarlama | Digital Pazarlama","publisher":{"@id":"https:\/\/gurkangultekin.com.tr\/#organization"},"potentialAction":[{"@type":"SearchAction","target":{"@type":"EntryPoint","urlTemplate":"https:\/\/gurkangultekin.com.tr\/?s={search_term_string}"},"query-input":"required name=search_term_string"}],"inLanguage":"tr"},{"@type":"Organization","@id":"https:\/\/gurkangultekin.com.tr\/#organization","name":"GURKAN GULTEKIN","url":"https:\/\/gurkangultekin.com.tr\/","logo":{"@type":"ImageObject","inLanguage":"tr","@id":"https:\/\/gurkangultekin.com.tr\/#\/schema\/logo\/image\/","url":"https:\/\/gurkangultekin.com.tr\/wp-content\/uploads\/2022\/07\/Gurkan-red-Logo2.png","contentUrl":"https:\/\/gurkangultekin.com.tr\/wp-content\/uploads\/2022\/07\/Gurkan-red-Logo2.png","width":100,"height":100,"caption":"GURKAN GULTEKIN"},"image":{"@id":"https:\/\/gurkangultekin.com.tr\/#\/schema\/logo\/image\/"}}]}},"_links":{"self":[{"href":"https:\/\/gurkangultekin.com.tr\/index.php\/wp-json\/wp\/v2\/pages\/2223","targetHints":{"allow":["GET"]}}],"collection":[{"href":"https:\/\/gurkangultekin.com.tr\/index.php\/wp-json\/wp\/v2\/pages"}],"about":[{"href":"https:\/\/gurkangultekin.com.tr\/index.php\/wp-json\/wp\/v2\/types\/page"}],"author":[{"embeddable":true,"href":"https:\/\/gurkangultekin.com.tr\/index.php\/wp-json\/wp\/v2\/users\/1"}],"replies":[{"embeddable":true,"href":"https:\/\/gurkangultekin.com.tr\/index.php\/wp-json\/wp\/v2\/comments?post=2223"}],"version-history":[{"count":6,"href":"https:\/\/gurkangultekin.com.tr\/index.php\/wp-json\/wp\/v2\/pages\/2223\/revisions"}],"predecessor-version":[{"id":2233,"href":"https:\/\/gurkangultekin.com.tr\/index.php\/wp-json\/wp\/v2\/pages\/2223\/revisions\/2233"}],"wp:attachment":[{"href":"https:\/\/gurkangultekin.com.tr\/index.php\/wp-json\/wp\/v2\/media?parent=2223"}],"curies":[{"name":"wp","href":"https:\/\/api.w.org\/{rel}","templated":true}]}}